{"id":7820,"date":"2016-02-29T17:19:23","date_gmt":"2016-02-29T17:19:23","guid":{"rendered":"http:\/\/www.nsi.com.tr\/ana-sayfa\/"},"modified":"2022-09-19T09:02:59","modified_gmt":"2022-09-19T09:02:59","slug":"home-page","status":"publish","type":"page","link":"https:\/\/www.nsi.com.tr\/en\/","title":{"rendered":"HOME PAGE"},"content":{"rendered":"<p>Do\u011fal Ta\u015f Mermer \u00c7e\u015fitleri &#8211; \u0130\u00e7 ve D\u0131\u015f Dekorasyon Do\u011fal Ta\u015f Mermer Uygulamalar\u0131 Mermer Masa, Mermer Sehpa \u00c7e\u015fitleri <\/p>\n<p>One of the first steps in obtaining a professional writer to complete your paper is to determine the subject of the essay. After you&#8217;ve narrowed the issue, you must determine how you&#8217;re going to tackle it. There are <a href=\"https:\/\/payforessay.net\/\">write my essay cheap<\/a> several main varieties of essays. Each should be designed with some sort of purpose. The introduction must contain the theme and subdivisions. Each paragraph should provide a subdivision of the topic. Each paragraph must include the most important concepts and arguments that will all be linked. Conclusions must summarize the main ideas and the general purpose of the essay.\n<\/p>\n<p>You can get someone to help you write your essay if you feel overwhelmed with writing. Many students turn to these companies when they need extra help and don&#8217;t have time to do it themselves. Essay writing services guarantee the highest quality papers and are completely plagiarism-free. They can even edit them to fit your grade. This service provides excellent value for money. Many services provide discounts to returning customers, and loyalty programs encourage business. You can get a better price by buying multiple essays.\n<\/p>\n<p>Reputable essay writers will provide a deadline. It is tempting to buy an essay in 3 hours. However, it will not be worth the price. In addition, a professional <a href=\"https:\/\/payforessay.net\/\">write my essay<\/a> writer will charge more if you need it urgently. You should choose a service that can work quickly and meet your deadline. You won&#8217;t regret your decision. You&#8217;ll never know when you&#8217;ll need it.\n<\/p>\n<p>A reliable essay writing service should provide regular updates, such as email, or even instant messaging. You will be able to gauge the quality of your content by this method. Furthermore, you can even choose a writer by reading customer reviews and reading their testimonials. You should ensure that the writers you choose are reliable, experienced, and capable. If necessary, don&#8217;t hesitate to ask for more editing. The final quality of the essay will reflect on you and your reputation as a customer.\n<\/p>\n<p>You may be unable finish your essay because of time limitations. A writing company will be able to help you purchase essays now. There are many clients who employ essay writing services for example, high school students professional, college students. All customers have the same requirements. There are those who are willing to spend an amount to <a href=\"https:\/\/buyessay.net\/\">buy cheap essays<\/a> compose the essay they&#8217;d like to write. Others just want to pass certain classes. These are a few suggestions that can help you create your essay experience to be a satisfying one.<\/p>\n<p>Do not fret if you&#8217;re experiencing difficulties in writing an essay. There are numerous ways to receive help <a href=\"https:\/\/uxvietnam.com\/author\/khoipn\/\">https:\/\/uxvietnam.com\/author\/khoipn\/<\/a> for the writing process. WriteMyEssayOnline is a trusted online service that has a huge staff of writers who are committed to helping students succeed. They offer high-quality writing support to students for a reasonable cost. Make sure you are cautious when you use an online writing service for the paper you are writing. For avoiding these risks, here are a few tips for you to consider.<\/p>\n<p>Before I joined a writing company I was on search of a reliable service that would do my writing for me. It was getting close to deadline and I did not have the motivation or the time to finish my task. I turned to a professional service that promised to write an essay of the highest <a href=\"https:\/\/us.payforessay.net\/\">essay writing<\/a> quality in a time. The only thing I had to provide was my subject, date and the time, then pay. The finished paper was given to me, and I was thrilled with it.<\/p>\n<p>If you&#8217;re planning for an online purchase of an essay you should know a few things to consider before you buy. There are many websites that provide essay writing services. While there are some that have a professional appearance than others, there&#8217;s <a href=\"https:\/\/buyessay.net\/\">buy essays online<\/a> certain things you should consider. You should also pay attention to the writer&#8217;s experience and education degree. Although education is an indicator of high-quality but it&#8217;s essential to recognize that not all writers are equally skilled.<\/p>\n<p>The option to engage write my essay assistance for several reasons. Our help is available for essay writing, no matter if you are pressed for time, have deadlines to be met or require assistance. There are three main reasons for you to utilize this type of service. First, it&#8217;s fast. It takes an average of to complete an essay is four hours. The second benefit is that you don&#8217;t need to fret about hiring an English native to write your <a href=\"https:\/\/www.writemyessays.org\/\">write my essays for me<\/a> essay. In addition, you will not have to fret about whether or not the essay you get will be unique and composed in the native language of your choice. In addition you&#8217;ll also enjoy a variety of other advantages as well.<\/p>\n<p>There are certain things you should do to make paper writings go quick. You should avoid distracting yourself. Distractions are among the main enemies of paper writings. Locate a peaceful area where you are able to concentrate on your writing without distractions. This might be a tranquil section of the library, or a cafe off campus or your dorm room. Also, it&#8217;s good to have a writing tool to check for any errors for you.\n<\/p>\n<p>The paper should have solid arguments backed by evidence. It should start by stating your thesis, then will then proceed to a sequence of supporting paragraphs. The final paragraph should be your conclusion with a clear and concise summary of the whole argument, and leaves readers with an enlightening overview. Your essay should be a reflection of your opinions and never be influenced by other people. You should not criticize views which you don&#8217;t fully understand. It is particularly important when you aren&#8217;t familiar with the writer of the essay.\n<\/p>\n<p>Be sure to check subheadings in paper writings. There are plenty of readers who ignore the subheadings of newspaper articles. Also, you may notice that many different words are employed in the subheadings of the newspaper. The key is to choose the words that are most appropriate. It&#8217;s essential to read the essays you&#8217;ve completed to see which perform <a href=\"https:\/\/thumbwind.com\/2022\/06\/03\/essay-writing-services\/\">https:\/\/thumbwind.com\/2022\/06\/03\/essay-writing-services\/<\/a> best. It is possible to use some of your own words. It is important to make sure you check all of them closely.\n<\/p>\n<p>If you&#8217;re trying to find an essay writing site that can write my essay, you&#8217;ve probably wondered how the process works. There are a variety of options. Some sites offer a limited range of <a href=\"https:\/\/trendingnewsbuzz.com\/paper-writing-service-the-top-education-essay-writing-companies\/\">https:\/\/trendingnewsbuzz.com\/paper-writing-service-the-top-education-essay-writing-companies\/<\/a> services while others focus on particular areas of study. Below are some tips to assist you in choosing the right one. When you&#8217;re looking for a web site that can help me write your essay, here are some crucial aspects to think about.<\/p>\n<p>If you are looking to buy an essay online here are some points to be considered before making a purchase. Not all websites are created equally. There are sites that <a href=\"https:\/\/buyessay.net\/\">buying an essay<\/a> appear more professional in comparison to others. However, you should still consider these things. Take note of their education level and previous experience. Although an education background may provide a reliable gauge of quality However, it is important to recognize that there&#8217;s less experienced writers who are just as dedicated to their work.<\/p>\n<p>You may need help in writing your essay if you&#8217;re a student. Essay writers who are professionals are taught to write top-quality essays, making sure that you shine through. You can make your future brighter for you if your college or university is a top class student body. What exactly do you need to look for in essay writing services? Below are a few benefits to employing professionals to help with your essay. Let&#8217;s take a <a href=\"https:\/\/us.payforessay.net\/\">pay someone to write my paper<\/a> look at all of these benefits. Compare the pros and cons before making a decision to avail the services of these companies.<\/p>\n<p>Students often find themselves having to use the help of a professional essayist in cases where their assignments are too overwhelming to manage by themselves. Sometime even the most proficient students face difficulties <a href=\"https:\/\/www.fingerlakes1.com\/2022\/05\/17\/the-8-best-essay-writing-service-providers\/\">https:\/\/www.fingerlakes1.com\/2022\/05\/17\/the-8-best-essay-writing-service-providers\/<\/a> working on their projects. A lot of students use the services of essay writers in order to finish their writing punctually. They are skilled in various types of assignments and are able to keep the strict deadlines. Additionally, they&#8217;re capable of handling a wide range of difficult assignments and have a solid knowledge of the referencing and citation styles.<\/p>\n<p>When writing essays, the structure of an argument is well-defined. It must include the thesis statement, two additional arguments, as well as a sample from life or in the history. The structure of an essay will reflect the student&#8217;s thoughts, speech agility, and general thinking style. The essay should be organized and written according <a href=\"https:\/\/www.writemyessays.org\/write-my-essays-review\/\">write my essay review<\/a> to certain guidelines. While writing an essay paper writing, students are required come up with a subject, choose a topic, and then formulate arguments.<\/p>\n<p>Perhaps you&#8217;re thinking it&#8217;s difficult for you to complete all of the assignments. Yet, you&#8217;re searching for a method that will allow <a href=\"https:\/\/us.masterpapers.com\/\">paper writing service<\/a> you to compose essays. You&#8217;ve tried all kinds of websites, but none have been as effective as WriteMyEssayOnline.com. The site&#8217;s vast team of tutors and writers are dedicated to ensuring that you are satisfied with the site. The prices are affordable and you won&#8217;t break the bank by hiring tutors.<\/p>\n<p>Buy a custom paper from a well-known site if you&#8217;re in need of it. You should be aware of some important things to remember when buying essays online. Be sure to make sure the organization you&#8217;re purchasing <a href=\"https:\/\/us.payforessay.net\/\">order essay<\/a> essays from is reputable. They&#8217;ll offer unlimited revisions as well as a return policy. Also, check whether the essay company is able to provide additional service. A few will even provide an plagiarism report at no cost and formatting in accordance with different stylesor provide 24&#215;7 customer service.<\/p>\n<p>The customers of these online buying essay are from all different walks of life. Students of universities, high schools , and colleges make up these customers. Although these customers may have different needs however, they all share the same needs. Students are often looking to buy essays online , and are prepared to spend any amount in order to have their essays done fast. There are other issues you should consider prior to you purchase an essay <a href=\"https:\/\/us.payforessay.net\/\">essay help<\/a> online. Continue reading to learn the best ways to buy an essay online and to learn what options to go about it.<\/p>\n<p>The customers of these online buying essay services come from many different walks of life. They include students from universities, high schools, as well <a href=\"https:\/\/us.grademiners.com\/\">online essay writer<\/a> as universities. Though these clients might have different requirements They share one thing in common. A few students would like to buy an essay online and are ready to spend any amount to get their essay completed in a hurry. There are a variety of other factors to consider before you buy an essay online. Find out more on the best way to buy an essay online.<\/p>\n<p>If you&#8217;re planning to purchase an essay online and you&#8217;re not willing to risk plagiarism, there are some ways to be sure that you receive a high-quality paper that is entirely unique. The first thing you should take note of when <a href=\"https:\/\/us.payforessay.net\/\">order essay<\/a> you are purchasing an essay that is custom written by the expertise of a professional. In contrast to free services for essays that republish content they&#8217;ve written to other customers, these services have only hired professionals, and have a high reputation. The top paper websites don&#8217;t employ authors who copy content or use it to republish elsewhere. They also reprimand writers who were found to have plagiarized.<\/p>\n<p>There are numerous ways to get essays online , and each one offers its particular advantages. One is there are a lot of on-line essay writers who make their living by writing essays for <a href=\"https:\/\/us.masterpapers.com\/\">paper helper<\/a> their clients. It is possible that you have utilized their services in one way or in another. If you&#8217;re not comfortable making your own essays do you need to consider hiring a professional essay writer. These tips will make online essay writing effortless.<\/p>\n<p>If you are considering ordering an essay online you must be aware of a few things. The first is to ensure that your essay won&#8217;t be duplicated. They won&#8217;t reference any sources, unlike other free essays sites. This means that you do <a href=\"https:\/\/us.grademiners.com\/\">essay writer service<\/a> not have to be concerned about your work being plagiarized. Also, you must be sure you know the issue you&#8217;re receiving.<\/p>\n<p>There are many reasons for students to use paper writing services. They may need assistance with writing admission essays. There are other reasons, such as work obligations or familial obligations. Students who can <a href=\"https:\/\/us.masterpapers.com\/\">writing service<\/a> speak English and need help to write essays for the purposes of their application can also benefit from paper writing services. Paper writing services enable students to be more focused on their education rather than stressing over their work. There are many benefits to employing a service for writing papers.<\/p>\n<p>If you&#8217;re in search of assistance with your essay, you could be caught in a bind. Do not think that everyone is equally effective in their efficacy. There are plenty of choices that can help you locate an essayist who is right for you. Below are some helpful tips <a href=\"https:\/\/us.grademiners.com\/\">essay writing service<\/a> that will make the search simpler. First, gather like-minded people. In the second, look for someone who knows your class and educational background. Click on these links for more details about their services.<\/p>\n","protected":false},"excerpt":{"rendered":"<p>Do\u011fal Ta\u015f Mermer \u00c7e\u015fitleri &#8211; \u0130\u00e7 ve D\u0131\u015f Dekorasyon Do\u011fal Ta\u015f Mermer Uygulamalar\u0131 Mermer Masa, Mermer Sehpa \u00c7e\u015fitleri One of the first steps in obtaining a professional writer to complete your paper is to determine the subject of the essay. After you&#8217;ve narrowed the issue, you must determine how you&#8217;re going to tackle it. There<\/p>\n","protected":false},"author":1,"featured_media":0,"parent":0,"menu_order":0,"comment_status":"open","ping_status":"closed","template":"","meta":{"_mi_skip_tracking":false,"_joinchat":[]},"_links":{"self":[{"href":"https:\/\/www.nsi.com.tr\/en\/wp-json\/wp\/v2\/pages\/7820"}],"collection":[{"href":"https:\/\/www.nsi.com.tr\/en\/wp-json\/wp\/v2\/pages"}],"about":[{"href":"https:\/\/www.nsi.com.tr\/en\/wp-json\/wp\/v2\/types\/page"}],"author":[{"embeddable":true,"href":"https:\/\/www.nsi.com.tr\/en\/wp-json\/wp\/v2\/users\/1"}],"replies":[{"embeddable":true,"href":"https:\/\/www.nsi.com.tr\/en\/wp-json\/wp\/v2\/comments?post=7820"}],"version-history":[{"count":0,"href":"https:\/\/www.nsi.com.tr\/en\/wp-json\/wp\/v2\/pages\/7820\/revisions"}],"wp:attachment":[{"href":"https:\/\/www.nsi.com.tr\/en\/wp-json\/wp\/v2\/media?parent=7820"}],"curies":[{"name":"wp","href":"https:\/\/api.w.org\/{rel}","templated":true}]}}